{"id":11,"date":"2019-11-21T10:47:33","date_gmt":"2019-11-21T09:47:33","guid":{"rendered":"http:\/\/s3.grafikastrony.net\/?page_id=11"},"modified":"2020-07-01T22:09:32","modified_gmt":"2020-07-01T22:09:32","slug":"opinie","status":"publish","type":"page","link":"https:\/\/villabellacasa.pl\/index.php\/opinie\/","title":{"rendered":"Dojazd"},"content":{"rendered":"\n<iframe loading=\"lazy\" src=\"https:\/\/www.google.com\/maps\/d\/embed?mid=1KnGD1GOnjlV98pxKTOpZtHwK3h0&amp;hl=pl\" width=\"640\" height=\"480\"><\/iframe>\n\n\n\n<p class=\"has-large-font-size\">Odleg\u0142o\u015bci<\/p>\n\n\n\n<ul><li>Warszawa centrum 15,5km<\/li><li>Lotnisko Ok\u0119cie 20,5km<\/li><li>Lotnisko Modlin 21km<\/li><\/ul>\n\n\n\n<figure class=\"wp-block-image\"><img loading=\"lazy\" width=\"600\" height=\"420\" src=\"http:\/\/multiramy.pl\/kempa\/wp-content\/uploads\/2020\/06\/mapa.jpg\" alt=\"\" class=\"wp-image-529\" srcset=\"https:\/\/villabellacasa.pl\/wp-content\/uploads\/2020\/06\/mapa.jpg 600w, https:\/\/villabellacasa.pl\/wp-content\/uploads\/2020\/06\/mapa-300x210.jpg 300w\" sizes=\"(max-width: 600px) 100vw, 600px\" \/><\/figure>\n","protected":false},"excerpt":{"rendered":"<p>Odleg\u0142o\u015bci Warszawa centrum 15,5km Lotnisko Ok\u0119cie 20,5km Lotnisko Modlin 21km<\/p>\n","protected":false},"author":1,"featured_media":0,"parent":0,"menu_order":0,"comment_status":"closed","ping_status":"open","template":"","meta":{"_monsterinsights_skip_tracking":false,"_monsterinsights_sitenote_active":false,"_monsterinsights_sitenote_note":"","_monsterinsights_sitenote_category":0},"categories":[],"tags":[],"_links":{"self":[{"href":"https:\/\/villabellacasa.pl\/index.php\/wp-json\/wp\/v2\/pages\/11"}],"collection":[{"href":"https:\/\/villabellacasa.pl\/index.php\/wp-json\/wp\/v2\/pages"}],"about":[{"href":"https:\/\/villabellacasa.pl\/index.php\/wp-json\/wp\/v2\/types\/page"}],"author":[{"embeddable":true,"href":"https:\/\/villabellacasa.pl\/index.php\/wp-json\/wp\/v2\/users\/1"}],"replies":[{"embeddable":true,"href":"https:\/\/villabellacasa.pl\/index.php\/wp-json\/wp\/v2\/comments?post=11"}],"version-history":[{"count":5,"href":"https:\/\/villabellacasa.pl\/index.php\/wp-json\/wp\/v2\/pages\/11\/revisions"}],"predecessor-version":[{"id":531,"href":"https:\/\/villabellacasa.pl\/index.php\/wp-json\/wp\/v2\/pages\/11\/revisions\/531"}],"wp:attachment":[{"href":"https:\/\/villabellacasa.pl\/index.php\/wp-json\/wp\/v2\/media?parent=11"}],"wp:term":[{"taxonomy":"category","embeddable":true,"href":"https:\/\/villabellacasa.pl\/index.php\/wp-json\/wp\/v2\/categories?post=11"},{"taxonomy":"post_tag","embeddable":true,"href":"https:\/\/villabellacasa.pl\/index.php\/wp-json\/wp\/v2\/tags?post=11"}],"curies":[{"name":"wp","href":"https:\/\/api.w.org\/{rel}","templated":true}]}}