{"id":121,"date":"2017-12-20T12:00:46","date_gmt":"2017-12-20T11:00:46","guid":{"rendered":"http:\/\/motelmalwa.com\/?page_id=121"},"modified":"2022-01-21T12:55:29","modified_gmt":"2022-01-21T12:55:29","slug":"start","status":"publish","type":"page","link":"https:\/\/villabellacasa.pl\/","title":{"rendered":"Start"},"content":{"rendered":"\n<div class=\"wp-block-media-text alignwide\"><figure class=\"wp-block-media-text__media\"><img loading=\"lazy\" width=\"1024\" height=\"759\" src=\"https:\/\/villabellacasa.pl\/wp-content\/uploads\/2021\/09\/IMG_20210725_144028-1024x759.jpg\" alt=\"\" class=\"wp-image-841 size-full\" srcset=\"https:\/\/villabellacasa.pl\/wp-content\/uploads\/2021\/09\/IMG_20210725_144028-1024x759.jpg 1024w, https:\/\/villabellacasa.pl\/wp-content\/uploads\/2021\/09\/IMG_20210725_144028-300x222.jpg 300w, https:\/\/villabellacasa.pl\/wp-content\/uploads\/2021\/09\/IMG_20210725_144028-768x569.jpg 768w, https:\/\/villabellacasa.pl\/wp-content\/uploads\/2021\/09\/IMG_20210725_144028-1536x1139.jpg 1536w, https:\/\/villabellacasa.pl\/wp-content\/uploads\/2021\/09\/IMG_20210725_144028-2048x1518.jpg 2048w\" sizes=\"(max-width: 1024px) 100vw, 1024px\" \/><\/figure><div class=\"wp-block-media-text__content\">\n<p><strong>Szanowni Pa\u0144stwo!<\/strong><br><strong>Villa Bella Casa<\/strong>&nbsp;stanowi doskona\u0142\u0105 ofert\u0119 dla&nbsp;os\u00f3b szukaj\u0105cych nocleg\u00f3w w miejscu&nbsp;<strong>czystym, bezpiecznym i komfortowym<\/strong>, ale cechuj\u0105cym si\u0119 niewyg\u00f3rowan\u0105 cen\u0105. Villa znajduje si\u0119 w \u0141omiankach&nbsp;zaledwie&nbsp;<strong>15 km od centrum Warszawy<\/strong>&nbsp;(przy trasie E7 \u0142\u0105cz\u0105cej Warszaw\u0119 z Gda\u0144skiem) oraz 21 km od lotniska Modlin.&nbsp;\n\n<\/p>\n<\/div><\/div>\n\n\n\n<hr class=\"wp-block-separator\"\/>\n\n\n\n<div class=\"wp-block-media-text alignwide has-media-on-the-right\"><figure class=\"wp-block-media-text__media\"><img loading=\"lazy\" width=\"1024\" height=\"682\" src=\"https:\/\/villabellacasa.pl\/wp-content\/uploads\/2020\/07\/DSC08794-1024x682.jpg\" alt=\"\" class=\"wp-image-778 size-full\" srcset=\"https:\/\/villabellacasa.pl\/wp-content\/uploads\/2020\/07\/DSC08794-1024x682.jpg 1024w, https:\/\/villabellacasa.pl\/wp-content\/uploads\/2020\/07\/DSC08794-300x200.jpg 300w, https:\/\/villabellacasa.pl\/wp-content\/uploads\/2020\/07\/DSC08794-768x512.jpg 768w, https:\/\/villabellacasa.pl\/wp-content\/uploads\/2020\/07\/DSC08794-1140x760.jpg 1140w, https:\/\/villabellacasa.pl\/wp-content\/uploads\/2020\/07\/DSC08794-570x380.jpg 570w, https:\/\/villabellacasa.pl\/wp-content\/uploads\/2020\/07\/DSC08794-380x254.jpg 380w, https:\/\/villabellacasa.pl\/wp-content\/uploads\/2020\/07\/DSC08794-285x190.jpg 285w, https:\/\/villabellacasa.pl\/wp-content\/uploads\/2020\/07\/DSC08794.jpg 1280w\" sizes=\"(max-width: 1024px) 100vw, 1024px\" \/><\/figure><div class=\"wp-block-media-text__content\">\n<p>Villa Bella Casa oferuje miejsca w pokojach o r\u00f3\u017cnej wielko\u015bci, kt\u00f3rych&nbsp;<strong>cena zadowoli ka\u017cdego Go\u015bcia<\/strong>.&nbsp; Dla&nbsp;os\u00f3b oczekuj\u0105cych komfortowych warunk\u00f3w przygotowali\u015bmy pokoje jedno i&nbsp;dwuosobowe, kt\u00f3rych standard nie odbiega od tego w&nbsp;du\u017cych, renomowanych hotelach. Dla rodzin z dzie\u0107mi oraz wi\u0119kszych grup udost\u0119pniamy bardzo wygodne, przestronne&nbsp;pokoje trzy i czteroosobowe.<\/p>\n<\/div><\/div>\n\n\n\n<hr class=\"wp-block-separator\"\/>\n\n\n\n<div class=\"wp-block-media-text alignwide\"><figure class=\"wp-block-media-text__media\"><img loading=\"lazy\" width=\"1024\" height=\"681\" src=\"https:\/\/villabellacasa.pl\/wp-content\/uploads\/2020\/06\/09-1-1024x681.jpg\" alt=\"\" class=\"wp-image-694 size-full\" srcset=\"https:\/\/villabellacasa.pl\/wp-content\/uploads\/2020\/06\/09-1-1024x681.jpg 1024w, https:\/\/villabellacasa.pl\/wp-content\/uploads\/2020\/06\/09-1-300x199.jpg 300w, https:\/\/villabellacasa.pl\/wp-content\/uploads\/2020\/06\/09-1-768x511.jpg 768w, https:\/\/villabellacasa.pl\/wp-content\/uploads\/2020\/06\/09-1-570x380.jpg 570w, https:\/\/villabellacasa.pl\/wp-content\/uploads\/2020\/06\/09-1-380x254.jpg 380w, https:\/\/villabellacasa.pl\/wp-content\/uploads\/2020\/06\/09-1-285x190.jpg 285w\" sizes=\"(max-width: 1024px) 100vw, 1024px\" \/><\/figure><div class=\"wp-block-media-text__content\">\n<p>Pokoje w Villi&nbsp;urz\u0105dzone zosta\u0142y&nbsp;<strong>ze smakiem i nutk\u0105 nowoczesno\u015bci<\/strong>, z&nbsp;wykorzystaniem materia\u0142\u00f3w najwy\u017cszej jako\u015bci. \u0141\u00f3\u017cka s\u0105 bardzo wygodne i zapewniaj\u0105 niezb\u0119dny dla snu komfort. Ka\u017cdy pok\u00f3j posiada \u0142azienk\u0119 z prysznicem i suszark\u0105 do w\u0142os\u00f3w, a w&nbsp;wolnych chwilach&nbsp;mo\u017cna si\u0119 zrelaksowa\u0107 podczas ogl\u0105dania telewizji na 32&#8243; telewizorach LCD. We wszystkich pokojach zapewniony jest dost\u0119p do bezp\u0142atnego  <strong>bezprzewodowego internetu<\/strong>&nbsp;(<strong>Wi-Fi<\/strong>). Nasi Go\u015bcie przez ca\u0142y dzie\u0144 mog\u0105 bezp\u0142atnie&nbsp;korzysta\u0107 z<strong>&nbsp;barku z kaw\u0105 i herbat\u0105<\/strong>. Codziennie rano zapraszamy na smaczne<strong>&nbsp; \u015bniadania serwowane w formie sto\u0142u szwedzkiego.<\/strong><\/p>\n\n\n\n<p><strong>Zapewniamy du\u017cy ogrodzony parking.<\/strong><\/p>\n<\/div><\/div>\n\n\n\n<hr class=\"wp-block-separator\"\/>\n\n\n\n<div class=\"wp-block-media-text alignwide has-media-on-the-right\"><figure class=\"wp-block-media-text__media\"><img loading=\"lazy\" width=\"576\" height=\"789\" src=\"https:\/\/villabellacasa.pl\/wp-content\/uploads\/2022\/01\/Sala-sniadaniowa-VBC.jpg\" alt=\"\" class=\"wp-image-885 size-full\" srcset=\"https:\/\/villabellacasa.pl\/wp-content\/uploads\/2022\/01\/Sala-sniadaniowa-VBC.jpg 576w, https:\/\/villabellacasa.pl\/wp-content\/uploads\/2022\/01\/Sala-sniadaniowa-VBC-219x300.jpg 219w\" sizes=\"(max-width: 576px) 100vw, 576px\" \/><\/figure><div class=\"wp-block-media-text__content\">\n<p>Oferujemy&nbsp;Pa\u0144stwu now\u0105&nbsp;<strong>sal\u0119 \u015bniadaniow\u0105<\/strong>, w kt\u00f3rej mo\u017cna r\u00f3wnie\u017c zorganizowa\u0107 kameralne spotkanie dla grupy do 30 os\u00f3b. <\/p>\n\n\n\n<p>Na sali jest ca\u0142odobowy barek z kaw\u0105 i herbat\u0105 oraz ciastkami. <\/p>\n\n\n\n<p>Sala wyposa\u017cona jest w TV.<\/p>\n\n\n\n<p>Sala ma wyj\u015bcie na taras, na kt\u00f3rym r\u00f3wnie\u017c mo\u017cna zorganizowa\u0107 spotkanie. <\/p>\n<\/div><\/div>\n\n\n\n<p><\/p>\n\n\n\n<hr class=\"wp-block-separator\"\/>\n\n\n<p align=\"justify\"><span style=\"font-family: Arial;\">Naszych Go\u015bci zapraszamy do&nbsp;w\u0142oskiej<strong>&nbsp;Trattorii Oro di Napoli,<\/strong>&nbsp;serwuj\u0105cej&nbsp;<strong>potrawy kuchni \u015br\u00f3dziemnomorskiej<\/strong> oraz <strong>oryginaln\u0105 w\u0142osk\u0105 pizz\u0119<\/strong>, znajduj\u0105cej si\u0119 obok wej\u015bcia do Villi, prowadzonej przez rodowitego Sycylijczyka.&nbsp;<br>W niewielkiej odleg\u0142o\u015bci od Villi znajduj\u0105 si\u0119 liczne sklepy i&nbsp;restauracje. Na&nbsp;wi\u0119ksze zakupy mog\u0105 si\u0119 Pa\u0144stwo uda\u0107 do po\u0142o\u017conego 2,5 km od Villi&nbsp;<strong>Centrum Handlowego Auchan<\/strong>&nbsp;(\u0141omianki ul. Brukowa 25), w kt\u00f3rym mieszcz\u0105 si\u0119 m.in: Ors<span style=\"font-size: small;\">a<\/span>y, Promod, Camaieu, CCC, Sephora, Empik, apteka, bankomat.&nbsp;Nieopodal Villi (ok. 600 m) znajduje si\u0119 Centrum Sportowe z&nbsp;<strong>krytym basenem, saun\u0105, solarium i Fitness Clubem.<\/strong><\/span><\/p>\n<p align=\"justify\"><span style=\"font-family: Arial;\">Dojazd do centrum Warszawy samochodem 15 minut, autobusem (przystanek ICDS)&nbsp;do Metra Marymont 20 minut.<\/span><span style=\"font-size: small;\"><span style=\"font-family: Arial;\">&nbsp;<\/span><\/span>&nbsp;<\/p>\n<p align=\"center\"><span style=\"font-family: Arial;\"><strong>W \u0141omiankach posiadamy jeszcze inny obiekt hotelowy <\/strong><\/span><\/p>\n<p align=\"center\"><span style=\"font-family: Arial;\"><strong>Villa Malva <a href=\"http:\/\/villamalva.pl\/\">www.villamalva.pl<\/a> , <\/strong><\/span><\/p>\n<p align=\"center\"><span style=\"font-family: Arial;\"><strong>w kt\u00f3rym oferujemy zr\u00f3\u017cnicowane us\u0142ugi hotelowe w 4 budynkach, <\/strong><\/span><\/p>\n<p align=\"center\"><span style=\"font-family: Arial;\"><strong>z nastawieniem na obs\u0142ug\u0119 grup oraz d\u0142u\u017cszych pobyt\u00f3w,&nbsp;&nbsp;<\/strong><\/span><\/p>\n<p align=\"center\"><span style=\"font-family: Arial;\"><strong>w kt\u00f3rym funkcjonuje restauracja indyjska <a href=\"http:\/\/www.indiapalace.pl\">www.indiapalace.pl<\/a>&nbsp;<\/strong><\/span><\/p>\n<p>Villa Bella Casa&nbsp;<br>ul. Kolejowa 144, 05-092 \u0141omianki&nbsp;<\/p>\n<p>Administratorem obiektu jest Kempa Hotels Sp. z o.o. z siedzib\u0105 w Warszawie, ul. Grzybowska 87, 00-844 Warszawa <br>NIP: 118 214 83 86&nbsp;<\/p>\n\n\n<p>KEMPA HOTELS Sp. z o.o. otrzyma\u0142a subwencj\u0119 finansow\u0105 z programu Tarcza 2.0 Polskiego Funduszu Rozwoju. <\/p>\n","protected":false},"excerpt":{"rendered":"<p>Szanowni Pa\u0144stwo!Villa Bella Casa&nbsp;stanowi doskona\u0142\u0105 ofert\u0119 dla&nbsp;os\u00f3b szukaj\u0105cych nocleg\u00f3w w miejscu&nbsp;czystym, bezpiecznym i komfortowym, ale cechuj\u0105cym si\u0119 niewyg\u00f3rowan\u0105 cen\u0105. Villa znajduje si\u0119 w \u0141omiankach&nbsp;zaledwie&nbsp;15 km od centrum Warszawy&nbsp;(przy trasie E7 \u0142\u0105cz\u0105cej Warszaw\u0119 z Gda\u0144skiem) oraz 21 km od lotniska Modlin.&nbsp; Villa Bella Casa oferuje miejsca w pokojach o r\u00f3\u017cnej wielko\u015bci, kt\u00f3rych&nbsp;cena zadowoli ka\u017cdego Go\u015bcia.&nbsp; Dla&nbsp;os\u00f3b [&hellip;]<\/p>\n","protected":false},"author":1,"featured_media":0,"parent":0,"menu_order":0,"comment_status":"closed","ping_status":"closed","template":"","meta":{"_monsterinsights_skip_tracking":false,"_monsterinsights_sitenote_active":false,"_monsterinsights_sitenote_note":"","_monsterinsights_sitenote_category":0},"categories":[],"tags":[],"_links":{"self":[{"href":"https:\/\/villabellacasa.pl\/index.php\/wp-json\/wp\/v2\/pages\/121"}],"collection":[{"href":"https:\/\/villabellacasa.pl\/index.php\/wp-json\/wp\/v2\/pages"}],"about":[{"href":"https:\/\/villabellacasa.pl\/index.php\/wp-json\/wp\/v2\/types\/page"}],"author":[{"embeddable":true,"href":"https:\/\/villabellacasa.pl\/index.php\/wp-json\/wp\/v2\/users\/1"}],"replies":[{"embeddable":true,"href":"https:\/\/villabellacasa.pl\/index.php\/wp-json\/wp\/v2\/comments?post=121"}],"version-history":[{"count":28,"href":"https:\/\/villabellacasa.pl\/index.php\/wp-json\/wp\/v2\/pages\/121\/revisions"}],"predecessor-version":[{"id":894,"href":"https:\/\/villabellacasa.pl\/index.php\/wp-json\/wp\/v2\/pages\/121\/revisions\/894"}],"wp:attachment":[{"href":"https:\/\/villabellacasa.pl\/index.php\/wp-json\/wp\/v2\/media?parent=121"}],"wp:term":[{"taxonomy":"category","embeddable":true,"href":"https:\/\/villabellacasa.pl\/index.php\/wp-json\/wp\/v2\/categories?post=121"},{"taxonomy":"post_tag","embeddable":true,"href":"https:\/\/villabellacasa.pl\/index.php\/wp-json\/wp\/v2\/tags?post=121"}],"curies":[{"name":"wp","href":"https:\/\/api.w.org\/{rel}","templated":true}]}}