{"id":13,"date":"2017-12-24T02:56:43","date_gmt":"2017-12-24T01:56:43","guid":{"rendered":"http:\/\/s3.grafikastrony.net\/?page_id=13"},"modified":"2020-07-01T22:09:11","modified_gmt":"2020-07-01T22:09:11","slug":"oferta","status":"publish","type":"page","link":"https:\/\/villabellacasa.pl\/index.php\/oferta\/","title":{"rendered":"Atrakcje"},"content":{"rendered":"\n<h2>Odleg\u0142o\u015bci &#8211; \u0141omianki<\/h2>\n\n\n\n<ul><li> Restauracja Oro di Napoli &#8211; 6 metr\u00f3w <\/li><li> Basen kryty, Solarium, Fitness Club &#8211; 800 metr\u00f3w <\/li><li> Hala sportowa &#8211; ICDS &#8211; 600 metr\u00f3w <\/li><li> Centrum Handlowe Auchan &#8211; 2,4 km <\/li><li> Puszcza Kampinoska &#8211; 1,5 km <\/li><\/ul>\n\n\n\n<h2>Odleg\u0142o\u015bci &#8211; Warszawa<\/h2>\n\n\n\n<ul><li> Stare Miasto w&nbsp;Warszawie &#8211; 12 km <\/li><li> Stadion Narodowy w&nbsp;Warszawie &#8211; 14 km <\/li><li> Pa\u0142ac Kultury i&nbsp;Nauki w&nbsp;Warszawie &#8211; 15 km <\/li><li> Centrum&nbsp;Warszawy &#8211; 15 km <\/li><li> Lotnisko Ok\u0119cie &#8211; 25 km <\/li><li> Lotnisko Modlin &#8211; 21 km <\/li><\/ul>\n\n\n\n<hr class=\"wp-block-separator\"\/>\n\n\n\n<h2>\u0141omianki dla aktywnych<\/h2>\n\n\n<p style=\"font-weight: 400;\"><strong>Centrum sportowe ICDS ul. Staszica 2 \u0141omianki. Po\u0142o\u017cony tylko 800 metr\u00f3w od Villi:<\/strong>&nbsp;kryty basen o rozmiarach: 25 m x 12,5 m, Fitness Club, Solarium,&nbsp;Skatepark, Strzelnica.<\/p>\n<p style=\"font-weight: 400;\"><strong>Arena Wspinaczkowa MAKAK ul. Palisadowa 20\/22, 01-940 Warszawa<\/strong>&nbsp;(ok.7 km od Villi). Najwy\u017csza i najwi\u0119ksza \u015bciana wspinaczkowa w Warszawie. 19 metr\u00f3w w pionie. 1400 metr\u00f3w kw. panelu. 50&nbsp;stanowisk.&nbsp;130 dr\u00f3g do 35 metr\u00f3w d\u0142ugo\u015bci.<\/p>\n<p style=\"font-weight: 400;\"><strong>Wypo\u017cyczalnia rower\u00f3w Kampinos Bike ul. Kusoci\u0144skiego 25 05-152 Palmiry.&nbsp;T<\/strong>el.&nbsp;kom. 506 155 250, 693 936 770 (konieczny kontakt telefoniczny)<span data-numbertype=\"paid\" data-ismobile=\"false\" data-isrtl=\"false\" data-isfreecall=\"false\" data-numbertocall=\"+48600765455\">.&nbsp;<\/span>Wypo\u017cyczalnia rower\u00f3w Palmiry- dob\u00f3r roweru do indywidualnych wymaga\u0144; Propozycje wycieczek rowerowych szlakami rowerowymi Puszczy Kampinoskiej&nbsp;;&nbsp;Informacja turystyczna&nbsp;; Plac zabaw dla dzieci ( trampolina, hu\u015btawka, zje\u017cd\u017calnia itp&#8230;)<\/p>\n\n\n<hr class=\"wp-block-separator\"\/>\n\n\n\n<h2>\u0141omianki<\/h2>\n\n\n<p><span style=\"color: #000000;\"><span style=\"font-family: Arial;\"><span style=\"font-size: small;\">Miasto w woj. mazowieckim, w powiecie warszawski zachodnim, siedziba gminy miejsko-wiejskiej \u0141omianki.<br>Przed II wojn\u0105 \u015bwiatow\u0105 cz\u0119\u015b\u0107 gminy M\u0142ociny, po przy\u0142\u0105czeniu M\u0142ocin do Warszawy samodzielna gmina wiejska \u0141omianki. Miasto i gmina wchodzi w sk\u0142ad aglomeracji warszawskiej. W latach 1975-1998 miasto administracyjnie nale\u017ca\u0142o do woj. warszawskiego. <\/span><\/span><\/span><\/p>\n<p><span style=\"color: #000000;\"><span style=\"font-family: Arial;\"><span style=\"font-size: small;\">Gmina i radni osiedli organizuj\u0105 co roku festyn z okazji&nbsp;Dni \u0141omianek, imprez\u0119 w ogr\u00f3dku jordanowskim, cz\u0119ste imprezy na placu zabaw w Kie\u0142pinie itd.&nbsp;<br>Poza tym w \u0141omiankach dzia\u0142a Klub Je\u017adziecki Wilczeniec &#8211; miejsce cz\u0119stych imprez firmowych,<br>tak\u017ce wykorzystywany jako plener filmowy. <br>Jazz Cafe \u0141omianki jest cz\u0119stym miejscem koncert\u00f3w muzyk\u00f3w,nie tylko jazzowych. <\/span><\/span><\/span><\/p>\n\n\n<hr class=\"wp-block-separator\"\/>\n\n\n\n<h2> <br><strong>Kampinoski Park Narodowy<\/strong> <\/h2>\n\n\n<p>Aktualna powierzchnia parku wynosi 38544 ha, w tym 68 ha zajmuje O\u015brodek Hodowli \u017bubr\u00f3w.<br>Wydmy s\u0105 najwa\u017cniejszym elementem budowy terenu Puszczy. Tereny bagienne powsta\u0142y w odci\u0119tych od g\u0142\u00f3wnego nurtu korytach Prawis\u0142y. \u017byzne i wilgotne pod\u0142o\u017ce opanowywa\u0142a ro\u015blinno\u015b\u0107 bagienna i szuwarowa. G\u0142\u00f3wny szlak turystyczny biegnie przez ca\u0142\u0105 d\u0142ugo\u015b\u0107 Kampinoskiego Parku Narodowego. Na trasie zobaczy\u0107 mo\u017cna wszystkie typu krajobrazu, charakterystyczne dla Puszczy Kampinoskiej, a tak\u017ce \u015bredniowieczne grodzisko Zamczysko oraz cmentarz w Palmirach. Ciekawostk\u0105 jest kilkusetletni D\u0105b Profesora Kobendzy&nbsp;i Sosna Powsta\u0144c\u00f3w z 1863 roku. Szlak rozpoczyna si\u0119 w miejscowo\u015bci Dziekan\u00f3w Le\u015bny, po czym prowadzi przez takie miejscowo\u015bci jak \u0106wikowa G\u00f3ra, Wiersze oraz Roztok\u0119, w kt\u00f3rej znajduje si\u0119 pole biwakowe.<br>W ostatniej fazie szlaku tury\u015bci mijaj\u0105 Farmu\u0142ki Kr\u00f3lewskie i Tu\u0142owice. Trasa ko\u0144czy si\u0119 w Brochowie. Przej\u015bcie szlaku zajmuje oko\u0142o 2 dni.&nbsp;<\/p>","protected":false},"excerpt":{"rendered":"<p>Odleg\u0142o\u015bci &#8211; \u0141omianki Restauracja Oro di Napoli &#8211; 6 metr\u00f3w Basen kryty, Solarium, Fitness Club &#8211; 800 metr\u00f3w Hala sportowa &#8211; ICDS &#8211; 600 metr\u00f3w Centrum Handlowe Auchan &#8211; 2,4 km Puszcza Kampinoska &#8211; 1,5 km Odleg\u0142o\u015bci &#8211; Warszawa Stare Miasto w&nbsp;Warszawie &#8211; 12 km Stadion Narodowy w&nbsp;Warszawie &#8211; 14 km Pa\u0142ac Kultury i&nbsp;Nauki w&nbsp;Warszawie [&hellip;]<\/p>\n","protected":false},"author":1,"featured_media":0,"parent":0,"menu_order":0,"comment_status":"closed","ping_status":"open","template":"","meta":{"_monsterinsights_skip_tracking":false,"_monsterinsights_sitenote_active":false,"_monsterinsights_sitenote_note":"","_monsterinsights_sitenote_category":0},"categories":[],"tags":[],"_links":{"self":[{"href":"https:\/\/villabellacasa.pl\/index.php\/wp-json\/wp\/v2\/pages\/13"}],"collection":[{"href":"https:\/\/villabellacasa.pl\/index.php\/wp-json\/wp\/v2\/pages"}],"about":[{"href":"https:\/\/villabellacasa.pl\/index.php\/wp-json\/wp\/v2\/types\/page"}],"author":[{"embeddable":true,"href":"https:\/\/villabellacasa.pl\/index.php\/wp-json\/wp\/v2\/users\/1"}],"replies":[{"embeddable":true,"href":"https:\/\/villabellacasa.pl\/index.php\/wp-json\/wp\/v2\/comments?post=13"}],"version-history":[{"count":6,"href":"https:\/\/villabellacasa.pl\/index.php\/wp-json\/wp\/v2\/pages\/13\/revisions"}],"predecessor-version":[{"id":768,"href":"https:\/\/villabellacasa.pl\/index.php\/wp-json\/wp\/v2\/pages\/13\/revisions\/768"}],"wp:attachment":[{"href":"https:\/\/villabellacasa.pl\/index.php\/wp-json\/wp\/v2\/media?parent=13"}],"wp:term":[{"taxonomy":"category","embeddable":true,"href":"https:\/\/villabellacasa.pl\/index.php\/wp-json\/wp\/v2\/categories?post=13"},{"taxonomy":"post_tag","embeddable":true,"href":"https:\/\/villabellacasa.pl\/index.php\/wp-json\/wp\/v2\/tags?post=13"}],"curies":[{"name":"wp","href":"https:\/\/api.w.org\/{rel}","templated":true}]}}