{"id":142,"date":"2017-12-24T02:58:44","date_gmt":"2017-12-24T01:58:44","guid":{"rendered":"http:\/\/motelmalwa.com\/?page_id=142"},"modified":"2020-07-01T22:10:00","modified_gmt":"2020-07-01T22:10:00","slug":"imprezy","status":"publish","type":"page","link":"https:\/\/villabellacasa.pl\/index.php\/imprezy\/","title":{"rendered":"Imprezy"},"content":{"rendered":"\n<div class=\"wp-block-media-text alignwide\"><figure class=\"wp-block-media-text__media\"><img loading=\"lazy\" width=\"1024\" height=\"768\" src=\"http:\/\/multiramy.pl\/kempa\/wp-content\/uploads\/2020\/06\/43050138-1024x768.jpg\" alt=\"\" class=\"wp-image-653\" srcset=\"https:\/\/villabellacasa.pl\/wp-content\/uploads\/2020\/06\/43050138.jpg 1024w, https:\/\/villabellacasa.pl\/wp-content\/uploads\/2020\/06\/43050138-300x225.jpg 300w, https:\/\/villabellacasa.pl\/wp-content\/uploads\/2020\/06\/43050138-768x576.jpg 768w\" sizes=\"(max-width: 1024px) 100vw, 1024px\" \/><\/figure><div class=\"wp-block-media-text__content\">\n<p class=\"has-small-font-size\">Oferujemy Pa\u0144stwu&nbsp;<strong>now\u0105 klimatyzowan\u0105 sal\u0119 konferencyjno<br>-bankietow\u0105<\/strong>, w kt\u00f3rej mo\u017cna zorganizowa\u0107 zar\u00f3wno szkolenie,<br>jak i wspania\u0142e przyj\u0119cie. W zale\u017cno\u015bci od ustawienia w sali mie\u015bci si\u0119:<\/p>\n\n\n\n<ul><li>do 80 os\u00f3b w ustawieniu teatralnym;<\/li><li>do 55 os\u00f3b w ustawieniu konferencyjnym;<\/li><li>do 28 os\u00f3b w ustawieniu szkolnym.<\/li><\/ul>\n<\/div><\/div>\n\n\n\n<hr class=\"wp-block-separator\"\/>\n\n\n\n<div class=\"wp-block-media-text alignwide has-media-on-the-right\"><figure class=\"wp-block-media-text__media\"><img loading=\"lazy\" width=\"498\" height=\"228\" src=\"http:\/\/multiramy.pl\/kempa\/wp-content\/uploads\/2020\/06\/ustawienia_sal.jpg\" alt=\"\" class=\"wp-image-509\" srcset=\"https:\/\/villabellacasa.pl\/wp-content\/uploads\/2020\/06\/ustawienia_sal.jpg 498w, https:\/\/villabellacasa.pl\/wp-content\/uploads\/2020\/06\/ustawienia_sal-300x137.jpg 300w\" sizes=\"(max-width: 498px) 100vw, 498px\" \/><\/figure><div class=\"wp-block-media-text__content\">\n<p class=\"has-small-font-size\">Ilo\u015b\u0107 os\u00f3b w poszczeg\u00f3lnych ustawieniach prezentuje za\u0142\u0105czona tabelka:<\/p>\n\n\n\n<p class=\"has-small-font-size\">W cenie sali: flipchart, markery, ekran.<\/p>\n<\/div><\/div>\n\n\n\n<hr class=\"wp-block-separator\"\/>\n\n\n\n<div class=\"wp-block-media-text alignwide\"><figure class=\"wp-block-media-text__media\"><img loading=\"lazy\" width=\"1024\" height=\"768\" src=\"http:\/\/multiramy.pl\/kempa\/wp-content\/uploads\/2020\/06\/20540579-1024x768.jpg\" alt=\"\" class=\"wp-image-642\" srcset=\"https:\/\/villabellacasa.pl\/wp-content\/uploads\/2020\/06\/20540579.jpg 1024w, https:\/\/villabellacasa.pl\/wp-content\/uploads\/2020\/06\/20540579-300x225.jpg 300w, https:\/\/villabellacasa.pl\/wp-content\/uploads\/2020\/06\/20540579-768x576.jpg 768w\" sizes=\"(max-width: 1024px) 100vw, 1024px\" \/><\/figure><div class=\"wp-block-media-text__content\">\n<p class=\"has-small-font-size\"> Sala jest&nbsp;klimatyzowana i wyposa\u017cona &nbsp;w&nbsp;<strong>nowoczesny system nag\u0142a\u015bniaj\u0105cy<\/strong>&nbsp;oraz&nbsp;<strong>bezprzewodowy dost\u0119p do internetu &#8211;&nbsp;<\/strong>&nbsp;to doskona\u0142e miejsce na organizacj\u0119 konferencji, spotka\u0144 biznesowych, szkole\u0144 lub&nbsp;pokaz\u00f3w. Na \u017cyczenie sal\u0119 wyposa\u017camy w niezb\u0119dny sprz\u0119t multimedialny. <\/p>\n<\/div><\/div>\n\n\n\n<hr class=\"wp-block-separator\"\/>\n\n\n\n<p><\/p>\n","protected":false},"excerpt":{"rendered":"<p>Oferujemy Pa\u0144stwu&nbsp;now\u0105 klimatyzowan\u0105 sal\u0119 konferencyjno-bankietow\u0105, w kt\u00f3rej mo\u017cna zorganizowa\u0107 zar\u00f3wno szkolenie,jak i wspania\u0142e przyj\u0119cie. W zale\u017cno\u015bci od ustawienia w sali mie\u015bci si\u0119: do 80 os\u00f3b w ustawieniu teatralnym; do 55 os\u00f3b w ustawieniu konferencyjnym; do 28 os\u00f3b w ustawieniu szkolnym. Ilo\u015b\u0107 os\u00f3b w poszczeg\u00f3lnych ustawieniach prezentuje za\u0142\u0105czona tabelka: W cenie sali: flipchart, markery, ekran. Sala [&hellip;]<\/p>\n","protected":false},"author":1,"featured_media":0,"parent":0,"menu_order":0,"comment_status":"closed","ping_status":"open","template":"","meta":{"_monsterinsights_skip_tracking":false,"_monsterinsights_sitenote_active":false,"_monsterinsights_sitenote_note":"","_monsterinsights_sitenote_category":0},"categories":[],"tags":[],"_links":{"self":[{"href":"https:\/\/villabellacasa.pl\/index.php\/wp-json\/wp\/v2\/pages\/142"}],"collection":[{"href":"https:\/\/villabellacasa.pl\/index.php\/wp-json\/wp\/v2\/pages"}],"about":[{"href":"https:\/\/villabellacasa.pl\/index.php\/wp-json\/wp\/v2\/types\/page"}],"author":[{"embeddable":true,"href":"https:\/\/villabellacasa.pl\/index.php\/wp-json\/wp\/v2\/users\/1"}],"replies":[{"embeddable":true,"href":"https:\/\/villabellacasa.pl\/index.php\/wp-json\/wp\/v2\/comments?post=142"}],"version-history":[{"count":4,"href":"https:\/\/villabellacasa.pl\/index.php\/wp-json\/wp\/v2\/pages\/142\/revisions"}],"predecessor-version":[{"id":758,"href":"https:\/\/villabellacasa.pl\/index.php\/wp-json\/wp\/v2\/pages\/142\/revisions\/758"}],"wp:attachment":[{"href":"https:\/\/villabellacasa.pl\/index.php\/wp-json\/wp\/v2\/media?parent=142"}],"wp:term":[{"taxonomy":"category","embeddable":true,"href":"https:\/\/villabellacasa.pl\/index.php\/wp-json\/wp\/v2\/categories?post=142"},{"taxonomy":"post_tag","embeddable":true,"href":"https:\/\/villabellacasa.pl\/index.php\/wp-json\/wp\/v2\/tags?post=142"}],"curies":[{"name":"wp","href":"https:\/\/api.w.org\/{rel}","templated":true}]}}