{"id":15,"date":"2017-12-24T02:48:53","date_gmt":"2017-12-24T01:48:53","guid":{"rendered":"http:\/\/s3.grafikastrony.net\/?page_id=15"},"modified":"2022-03-27T13:12:19","modified_gmt":"2022-03-27T13:12:19","slug":"kontakt","status":"publish","type":"page","link":"https:\/\/villabellacasa.pl\/index.php\/kontakt\/","title":{"rendered":"Kontakt"},"content":{"rendered":"<p style=\"text-align: center;\"><strong><span style=\"font-size: 24pt;\">Villa Bella Casa<\/span>\u00a0<\/strong><\/p>\n<p style=\"text-align: center;\"><span style=\"font-size: 14pt;\">Adres: <strong>ul. Kolejowa 144,\u00a0<\/strong><\/span><span style=\"font-size: 14pt;\"><strong>05-092 \u0141omianki\u00a0<\/strong><\/span><\/p>\n<p style=\"text-align: center;\"><span style=\"font-size: 24pt;\"><strong>RECEPCJA,\u00a0<\/strong><\/span><span style=\"font-size: 24pt;\"><strong>telefon: <\/strong><\/span><\/p>\n<p style=\"text-align: center;\"><span style=\"font-size: 24pt;\"><strong><b>+48693171717<\/b><\/strong><\/span><\/p>\n<p style=\"text-align: center;\"><span style=\"font-size: 14pt;\"><a href=\"mailto:villabellacasa@kempahotels.pl\">villabellacasa@kempahotels.pl<\/a>\u00a0<\/span><\/p>\n<h2 style=\"text-align: center;\"><strong>DOBA HOTELOWA 14:00 &#8211; 11:00<\/strong><\/h2>\n<p style=\"text-align: center;\">KEMPA HOTELS Sp. z o.o. otrzyma\u0142a subwencj\u0119 finansow\u0105 z programu Tarcza 2.0 Polskiego Funduszu Rozwoju<\/p>\n\n\n<iframe loading=\"lazy\" src=\"https:\/\/www.google.com\/maps\/d\/embed?mid=1KnGD1GOnjlV98pxKTOpZtHwK3h0&amp;hl=pl\" width=\"640\" height=\"480\"><\/iframe>\n","protected":false},"excerpt":{"rendered":"<p>Villa Bella Casa\u00a0 Adres: ul. Kolejowa 144,\u00a005-092 \u0141omianki\u00a0 RECEPCJA,\u00a0telefon: +48693171717 villabellacasa@kempahotels.pl\u00a0 DOBA HOTELOWA 14:00 &#8211; 11:00 KEMPA HOTELS Sp. z o.o. otrzyma\u0142a subwencj\u0119 finansow\u0105 z programu Tarcza 2.0 Polskiego Funduszu Rozwoju<\/p>\n","protected":false},"author":1,"featured_media":0,"parent":0,"menu_order":0,"comment_status":"closed","ping_status":"open","template":"","meta":{"_monsterinsights_skip_tracking":false,"_monsterinsights_sitenote_active":false,"_monsterinsights_sitenote_note":"","_monsterinsights_sitenote_category":0},"categories":[],"tags":[],"_links":{"self":[{"href":"https:\/\/villabellacasa.pl\/index.php\/wp-json\/wp\/v2\/pages\/15"}],"collection":[{"href":"https:\/\/villabellacasa.pl\/index.php\/wp-json\/wp\/v2\/pages"}],"about":[{"href":"https:\/\/villabellacasa.pl\/index.php\/wp-json\/wp\/v2\/types\/page"}],"author":[{"embeddable":true,"href":"https:\/\/villabellacasa.pl\/index.php\/wp-json\/wp\/v2\/users\/1"}],"replies":[{"embeddable":true,"href":"https:\/\/villabellacasa.pl\/index.php\/wp-json\/wp\/v2\/comments?post=15"}],"version-history":[{"count":18,"href":"https:\/\/villabellacasa.pl\/index.php\/wp-json\/wp\/v2\/pages\/15\/revisions"}],"predecessor-version":[{"id":915,"href":"https:\/\/villabellacasa.pl\/index.php\/wp-json\/wp\/v2\/pages\/15\/revisions\/915"}],"wp:attachment":[{"href":"https:\/\/villabellacasa.pl\/index.php\/wp-json\/wp\/v2\/media?parent=15"}],"wp:term":[{"taxonomy":"category","embeddable":true,"href":"https:\/\/villabellacasa.pl\/index.php\/wp-json\/wp\/v2\/categories?post=15"},{"taxonomy":"post_tag","embeddable":true,"href":"https:\/\/villabellacasa.pl\/index.php\/wp-json\/wp\/v2\/tags?post=15"}],"curies":[{"name":"wp","href":"https:\/\/api.w.org\/{rel}","templated":true}]}}