{"id":7,"date":"2020-04-23T23:00:10","date_gmt":"2020-04-23T21:00:10","guid":{"rendered":"http:\/\/s3.grafikastrony.net\/?page_id=7"},"modified":"2023-09-29T18:20:27","modified_gmt":"2023-09-29T18:20:27","slug":"cennik","status":"publish","type":"page","link":"https:\/\/villabellacasa.pl\/index.php\/cennik\/","title":{"rendered":"Cennik"},"content":{"rendered":"\n<div class=\"wp-block-media-text alignwide\"><figure class=\"wp-block-media-text__media\"><img loading=\"lazy\" width=\"1024\" height=\"768\" src=\"http:\/\/multiramy.pl\/kempa\/wp-content\/uploads\/2020\/06\/53212838_334297703870655_5361684537778634752_n-1024x768.jpg\" alt=\"\" class=\"wp-image-576 size-full\" srcset=\"https:\/\/villabellacasa.pl\/wp-content\/uploads\/2020\/06\/53212838_334297703870655_5361684537778634752_n-1024x768.jpg 1024w, https:\/\/villabellacasa.pl\/wp-content\/uploads\/2020\/06\/53212838_334297703870655_5361684537778634752_n-300x225.jpg 300w, https:\/\/villabellacasa.pl\/wp-content\/uploads\/2020\/06\/53212838_334297703870655_5361684537778634752_n-768x576.jpg 768w, https:\/\/villabellacasa.pl\/wp-content\/uploads\/2020\/06\/53212838_334297703870655_5361684537778634752_n.jpg 2048w\" sizes=\"(max-width: 1024px) 100vw, 1024px\" \/><\/figure><div class=\"wp-block-media-text__content\">\n<p class=\"has-large-font-size\"><strong>Pok\u00f3j&nbsp;   jednoosobowy<\/strong><\/p>\n\n\n\n<p><strong>&nbsp; &nbsp;od 270 z\u0142<\/strong><\/p>\n\n\n\n<p><strong>\u015aniadanie 50 z\u0142&nbsp;&nbsp;<\/strong><\/p>\n\n\n\n<p>&nbsp;<strong>Pok\u00f3j&nbsp;wyposa\u017cony w&nbsp;wygodne \u0142\u00f3\u017cko, \u0142azienk\u0119 (suszarka), woda, internet wi-fi, telewizor LCD 32&#8243;.<\/strong><\/p>\n<\/div><\/div>\n\n\n\n<hr class=\"wp-block-separator has-css-opacity\"\/>\n\n\n\n<div class=\"wp-block-media-text alignwide has-media-on-the-right\"><figure class=\"wp-block-media-text__media\"><img loading=\"lazy\" width=\"1024\" height=\"768\" src=\"http:\/\/multiramy.pl\/kempa\/wp-content\/uploads\/2020\/06\/53637734_346441032743110_2811945776232529920_n-1024x768.jpg\" alt=\"\" class=\"wp-image-586 size-full\" srcset=\"https:\/\/villabellacasa.pl\/wp-content\/uploads\/2020\/06\/53637734_346441032743110_2811945776232529920_n-1024x768.jpg 1024w, https:\/\/villabellacasa.pl\/wp-content\/uploads\/2020\/06\/53637734_346441032743110_2811945776232529920_n-300x225.jpg 300w, https:\/\/villabellacasa.pl\/wp-content\/uploads\/2020\/06\/53637734_346441032743110_2811945776232529920_n-768x576.jpg 768w, https:\/\/villabellacasa.pl\/wp-content\/uploads\/2020\/06\/53637734_346441032743110_2811945776232529920_n.jpg 2048w\" sizes=\"(max-width: 1024px) 100vw, 1024px\" \/><\/figure><div class=\"wp-block-media-text__content\">\n<p class=\"has-large-font-size\"><strong>Pok\u00f3j dwuosobowy&nbsp;<\/strong><\/p>\n\n\n\n<p><strong>od 290 z\u0142<\/strong><\/p>\n\n\n\n<p><strong>\u015aniadanie 50 z\u0142\/os.<\/strong><\/p>\n\n\n\n<p><strong>Pok\u00f3j&nbsp;dwuosobowy z&nbsp;dwoma osobnymi \u0142\u00f3\u017ckami lub&nbsp;\u0142\u00f3\u017ckiem ma\u0142\u017ce\u0144skim, \u0142azienka, internet wi-fi, woda,&nbsp;telewizor LCD 32 &#8222;.<\/strong><\/p>\n<\/div><\/div>\n\n\n\n<hr class=\"wp-block-separator has-css-opacity\"\/>\n\n\n\n<div class=\"wp-block-media-text alignwide\"><figure class=\"wp-block-media-text__media\"><img loading=\"lazy\" width=\"1024\" height=\"681\" src=\"http:\/\/multiramy.pl\/kempa\/wp-content\/uploads\/2020\/06\/DSC_0026-1024x681.jpg\" alt=\"\" class=\"wp-image-717 size-full\" srcset=\"https:\/\/villabellacasa.pl\/wp-content\/uploads\/2020\/06\/DSC_0026-1024x681.jpg 1024w, https:\/\/villabellacasa.pl\/wp-content\/uploads\/2020\/06\/DSC_0026-300x199.jpg 300w, https:\/\/villabellacasa.pl\/wp-content\/uploads\/2020\/06\/DSC_0026-768x511.jpg 768w, https:\/\/villabellacasa.pl\/wp-content\/uploads\/2020\/06\/DSC_0026-570x380.jpg 570w, https:\/\/villabellacasa.pl\/wp-content\/uploads\/2020\/06\/DSC_0026-380x254.jpg 380w, https:\/\/villabellacasa.pl\/wp-content\/uploads\/2020\/06\/DSC_0026-285x190.jpg 285w\" sizes=\"(max-width: 1024px) 100vw, 1024px\" \/><\/figure><div class=\"wp-block-media-text__content\">\n<p class=\"has-large-font-size\"><strong>Pok\u00f3j Lux&nbsp;&nbsp;<\/strong><\/p>\n\n\n\n<p><strong>320 z\u0142<\/strong><\/p>\n\n\n\n<p><strong>\u015aniadanie 50 z\u0142\/os.&nbsp;&nbsp;<\/strong><\/p>\n\n\n\n<p><strong>Du\u017cy pok\u00f3j&nbsp;dwuosobowy z&nbsp;dwoma osobnymi \u0142\u00f3\u017ckami lub&nbsp;\u0142\u00f3\u017ckiem ma\u0142\u017ce\u0144skim.&nbsp;Pok\u00f3j wyposa\u017cony w&nbsp;kanap\u0119, lod\u00f3wk\u0119, przestronn\u0105 \u0142azienk\u0119, klimatyzacj\u0119. Internet wi-fi,&nbsp;telewizor LCD 32 &#8222;.<\/strong><\/p>\n<\/div><\/div>\n\n\n\n<hr class=\"wp-block-separator has-css-opacity\"\/>\n\n\n\n<div class=\"wp-block-media-text alignwide has-media-on-the-right\"><figure class=\"wp-block-media-text__media\"><img loading=\"lazy\" width=\"1024\" height=\"681\" src=\"http:\/\/multiramy.pl\/kempa\/wp-content\/uploads\/2020\/06\/DSC_0356-1024x681.jpg\" alt=\"\" class=\"wp-image-749 size-full\" srcset=\"https:\/\/villabellacasa.pl\/wp-content\/uploads\/2020\/06\/DSC_0356-1024x681.jpg 1024w, https:\/\/villabellacasa.pl\/wp-content\/uploads\/2020\/06\/DSC_0356-300x199.jpg 300w, https:\/\/villabellacasa.pl\/wp-content\/uploads\/2020\/06\/DSC_0356-768x511.jpg 768w, https:\/\/villabellacasa.pl\/wp-content\/uploads\/2020\/06\/DSC_0356-570x380.jpg 570w, https:\/\/villabellacasa.pl\/wp-content\/uploads\/2020\/06\/DSC_0356-380x254.jpg 380w, https:\/\/villabellacasa.pl\/wp-content\/uploads\/2020\/06\/DSC_0356-285x190.jpg 285w\" sizes=\"(max-width: 1024px) 100vw, 1024px\" \/><\/figure><div class=\"wp-block-media-text__content\">\n<p class=\"has-large-font-size\"><strong>Pok\u00f3j trzyosobowy<\/strong><\/p>\n\n\n\n<p><strong>&nbsp;370 z\u0142<\/strong><\/p>\n\n\n\n<p><strong>\u015aniadanie 50 z\u0142\/os.<\/strong><\/p>\n\n\n\n<p><strong>Du\u017cy, wygodny pok\u00f3j o pow. 23 m2, trzy \u0142\u00f3\u017cka (mo\u017cliwo\u015b\u0107 po\u0142\u0105czenia), \u0142azienka, internet wi-fi, telewizor LCD 32&#8243;. Polecamy dla rodzin i firm.&nbsp;<\/strong><br><\/p>\n<\/div><\/div>\n\n\n\n<hr class=\"wp-block-separator has-css-opacity\"\/>\n\n\n\n<div class=\"wp-block-media-text alignwide\"><figure class=\"wp-block-media-text__media\"><img loading=\"lazy\" width=\"1024\" height=\"681\" src=\"http:\/\/multiramy.pl\/kempa\/wp-content\/uploads\/2020\/06\/15-2-1-1024x681.jpg\" alt=\"\" class=\"wp-image-750 size-full\" srcset=\"https:\/\/villabellacasa.pl\/wp-content\/uploads\/2020\/06\/15-2-1-1024x681.jpg 1024w, https:\/\/villabellacasa.pl\/wp-content\/uploads\/2020\/06\/15-2-1-300x199.jpg 300w, https:\/\/villabellacasa.pl\/wp-content\/uploads\/2020\/06\/15-2-1-768x511.jpg 768w, https:\/\/villabellacasa.pl\/wp-content\/uploads\/2020\/06\/15-2-1-570x380.jpg 570w, https:\/\/villabellacasa.pl\/wp-content\/uploads\/2020\/06\/15-2-1-380x254.jpg 380w, https:\/\/villabellacasa.pl\/wp-content\/uploads\/2020\/06\/15-2-1-285x190.jpg 285w\" sizes=\"(max-width: 1024px) 100vw, 1024px\" \/><\/figure><div class=\"wp-block-media-text__content\">\n<p class=\"has-large-font-size\"><strong>Pok\u00f3j czteroosobowy&nbsp;<\/strong><\/p>\n\n\n\n<p><strong>460 z\u0142<\/strong><\/p>\n\n\n\n<p><strong>\u015aniadanie 50 z\u0142\/os.<\/strong><\/p>\n\n\n\n<p><strong>Przestronny&nbsp;pok\u00f3j o pow. 27 m2,&nbsp;cztery \u0142\u00f3\u017cka (mo\u017cliwo\u015b\u0107 po\u0142\u0105czenia), \u0142azienka, internet wi-fi, telewizor LCD 32&#8243;. Polecamy dla rodzin i firm.<\/strong><\/p>\n<\/div><\/div>\n\n\n\n<div class=\"wp-block-media-text alignwide has-media-on-the-right\"><figure class=\"wp-block-media-text__media\"><img loading=\"lazy\" width=\"1024\" height=\"682\" src=\"http:\/\/multiramy.pl\/kempa\/wp-content\/uploads\/2020\/06\/DSC08769-1024x682.jpg\" alt=\"\" class=\"wp-image-603 size-full\" srcset=\"https:\/\/villabellacasa.pl\/wp-content\/uploads\/2020\/06\/DSC08769-1024x682.jpg 1024w, https:\/\/villabellacasa.pl\/wp-content\/uploads\/2020\/06\/DSC08769-300x200.jpg 300w, https:\/\/villabellacasa.pl\/wp-content\/uploads\/2020\/06\/DSC08769-768x512.jpg 768w, https:\/\/villabellacasa.pl\/wp-content\/uploads\/2020\/06\/DSC08769-1140x760.jpg 1140w, https:\/\/villabellacasa.pl\/wp-content\/uploads\/2020\/06\/DSC08769-570x380.jpg 570w, https:\/\/villabellacasa.pl\/wp-content\/uploads\/2020\/06\/DSC08769-380x254.jpg 380w, https:\/\/villabellacasa.pl\/wp-content\/uploads\/2020\/06\/DSC08769-285x190.jpg 285w, https:\/\/villabellacasa.pl\/wp-content\/uploads\/2020\/06\/DSC08769.jpg 1280w\" sizes=\"(max-width: 1024px) 100vw, 1024px\" \/><\/figure><div class=\"wp-block-media-text__content\">\n<p class=\"has-large-font-size\"><strong>Pok\u00f3j sze\u015bcioosobowy<\/strong><\/p>\n\n\n\n<p><strong>630&nbsp;z\u0142<\/strong><\/p>\n\n\n\n<p><strong>\u015aniadanie &#8211; 50 z\u0142\/os.<\/strong><\/p>\n\n\n\n<p><strong>Przestronny pok\u00f3j o pow. 35 m2, sze\u015b\u0107 \u0142\u00f3\u017cek (mo\u017cliwo\u015b\u0107 po\u0142\u0105czenia), \u0142azienka, internet wi-fi, telewizor LCD 32&#8243;. Polecamy dla rodzin i firm.<\/strong> <\/p>\n<\/div><\/div>\n\n\n\n<p><strong>ZWIERZ\u0118TA<\/strong> <\/p>\n\n\n\n<p>Op\u0142ata za zwierz\u0119 domowe wynosi 50 z\u0142. <\/p>\n\n\n\n<p><strong>DZIECI<\/strong> <\/p>\n\n\n\n<p>Dziecko do 4 roku \u017cycia, niezajmuj\u0105ce osobnego \u0142\u00f3\u017cka &#8211; gratis. <\/p>\n\n\n\n<p>Dwoje dzieci do 4 roku \u017cycia liczy si\u0119, jak jedn\u0105 osob\u0119 doros\u0142\u0105. Dotyczy noclegu i \u015bniadania. <\/p>\n\n\n\n<p><strong>OP\u0141ATA <\/strong><\/p>\n\n\n\n<p>Op\u0142ata nast\u0119puje przy zameldowaniu w dniu przyjazdu. <br>Przy dokonaniu p\u0142atno\u015bci nale\u017cy zg\u0142asza\u0107 potrzeb\u0119 otrzymania faktury VAT, gdy\u017c zgodnie z przepisami z 1 stycznia 2020 roku\u00a0<strong>przedsi\u0119biorca ma prawo do \u017c\u0105dania wystawienia faktury do paragonu na firm\u0119 wy\u0142\u0105cznie w przypadku, gdy na paragonie zostanie zawarty jego NIP<\/strong>. <\/p>\n\n\n\n<p><strong>UWAGA !!!<\/strong><\/p>\n\n\n\n<p>Zmiana cen naszych us\u0142ug jest podawana na tej stronie z wyprzedzeniem 14-to dniowym. <\/p>\n\n\n\n<p>Prosz\u0119 o sprawdzanie aktualnych cen. <\/p>\n\n\n\n<p>Ostatnia zmiana cen: <\/p>\n\n\n\n<p><\/p>\n\n\n\n<p>1.07.2023 r. (og\u0142oszona 15.06.2023 r.) <\/p>\n\n\n\n<p>1.10.2022 r. (og\u0142oszona 15.09.2022 r.) <\/p>\n\n\n\n<p>1.04.2022 r. (og\u0142oszona 15.03.2022 r.) <\/p>\n\n\n\n<p>1.02.2021 r. (og\u0142oszona 15.01.2021 r.) <\/p>\n\n\n\n<p>1.02.2019 r. (og\u0142oszona 15.01.2019 r.) <\/p>\n","protected":false},"excerpt":{"rendered":"<p>Pok\u00f3j&nbsp; jednoosobowy &nbsp; &nbsp;od 270 z\u0142 \u015aniadanie 50 z\u0142&nbsp;&nbsp; &nbsp;Pok\u00f3j&nbsp;wyposa\u017cony w&nbsp;wygodne \u0142\u00f3\u017cko, \u0142azienk\u0119 (suszarka), woda, internet wi-fi, telewizor LCD 32&#8243;. Pok\u00f3j dwuosobowy&nbsp; od 290 z\u0142 \u015aniadanie 50 z\u0142\/os. Pok\u00f3j&nbsp;dwuosobowy z&nbsp;dwoma osobnymi \u0142\u00f3\u017ckami lub&nbsp;\u0142\u00f3\u017ckiem ma\u0142\u017ce\u0144skim, \u0142azienka, internet wi-fi, woda,&nbsp;telewizor LCD 32 &#8222;. Pok\u00f3j Lux&nbsp;&nbsp; 320 z\u0142 \u015aniadanie 50 z\u0142\/os.&nbsp;&nbsp; Du\u017cy pok\u00f3j&nbsp;dwuosobowy z&nbsp;dwoma osobnymi \u0142\u00f3\u017ckami lub&nbsp;\u0142\u00f3\u017ckiem ma\u0142\u017ce\u0144skim.&nbsp;Pok\u00f3j [&hellip;]<\/p>\n","protected":false},"author":1,"featured_media":0,"parent":0,"menu_order":0,"comment_status":"closed","ping_status":"open","template":"","meta":{"_monsterinsights_skip_tracking":false,"_monsterinsights_sitenote_active":false,"_monsterinsights_sitenote_note":"","_monsterinsights_sitenote_category":0},"categories":[],"tags":[],"_links":{"self":[{"href":"https:\/\/villabellacasa.pl\/index.php\/wp-json\/wp\/v2\/pages\/7"}],"collection":[{"href":"https:\/\/villabellacasa.pl\/index.php\/wp-json\/wp\/v2\/pages"}],"about":[{"href":"https:\/\/villabellacasa.pl\/index.php\/wp-json\/wp\/v2\/types\/page"}],"author":[{"embeddable":true,"href":"https:\/\/villabellacasa.pl\/index.php\/wp-json\/wp\/v2\/users\/1"}],"replies":[{"embeddable":true,"href":"https:\/\/villabellacasa.pl\/index.php\/wp-json\/wp\/v2\/comments?post=7"}],"version-history":[{"count":27,"href":"https:\/\/villabellacasa.pl\/index.php\/wp-json\/wp\/v2\/pages\/7\/revisions"}],"predecessor-version":[{"id":934,"href":"https:\/\/villabellacasa.pl\/index.php\/wp-json\/wp\/v2\/pages\/7\/revisions\/934"}],"wp:attachment":[{"href":"https:\/\/villabellacasa.pl\/index.php\/wp-json\/wp\/v2\/media?parent=7"}],"wp:term":[{"taxonomy":"category","embeddable":true,"href":"https:\/\/villabellacasa.pl\/index.php\/wp-json\/wp\/v2\/categories?post=7"},{"taxonomy":"post_tag","embeddable":true,"href":"https:\/\/villabellacasa.pl\/index.php\/wp-json\/wp\/v2\/tags?post=7"}],"curies":[{"name":"wp","href":"https:\/\/api.w.org\/{rel}","templated":true}]}}