{"id":896,"date":"2022-02-21T02:08:45","date_gmt":"2022-02-21T02:08:45","guid":{"rendered":"https:\/\/villabellacasa.pl\/?page_id=896"},"modified":"2022-09-24T08:36:59","modified_gmt":"2022-09-24T08:36:59","slug":"rent-a-car","status":"publish","type":"page","link":"https:\/\/villabellacasa.pl\/index.php\/rent-a-car\/","title":{"rendered":"Rent a car"},"content":{"rendered":"\n<p>Oferujemy samochody Mercedes Vito i Renault Trafic &#8211;  9-cio osobowe. <\/p>\n\n\n\n<p>Wynajem dobowy, ale r\u00f3wnie\u017c miesi\u0119czny. <\/p>\n\n\n\n<p>Kontakt<\/p>\n\n\n\n<p>Telefon: +48 733 300 302 <\/p>\n\n\n\n<p>E-mail: villabellacasa@kempahotels.pl<\/p>\n\n\n\n<figure class=\"wp-block-image size-large\"><img loading=\"lazy\" width=\"1024\" height=\"578\" src=\"https:\/\/villabellacasa.pl\/wp-content\/uploads\/2022\/02\/Mercedes-Vito-foto-1-1-1024x578.jpg\" alt=\"\" class=\"wp-image-902\" srcset=\"https:\/\/villabellacasa.pl\/wp-content\/uploads\/2022\/02\/Mercedes-Vito-foto-1-1-1024x578.jpg 1024w, https:\/\/villabellacasa.pl\/wp-content\/uploads\/2022\/02\/Mercedes-Vito-foto-1-1-300x169.jpg 300w, https:\/\/villabellacasa.pl\/wp-content\/uploads\/2022\/02\/Mercedes-Vito-foto-1-1-768x433.jpg 768w, https:\/\/villabellacasa.pl\/wp-content\/uploads\/2022\/02\/Mercedes-Vito-foto-1-1-1536x866.jpg 1536w, https:\/\/villabellacasa.pl\/wp-content\/uploads\/2022\/02\/Mercedes-Vito-foto-1-1.jpg 2048w\" sizes=\"(max-width: 1024px) 100vw, 1024px\" \/><\/figure>\n\n\n\n<figure class=\"wp-block-image size-large\"><img loading=\"lazy\" width=\"1024\" height=\"537\" src=\"https:\/\/villabellacasa.pl\/wp-content\/uploads\/2022\/02\/RENAULT-TRAFIC-foto-1-1024x537.jpg\" alt=\"\" class=\"wp-image-904\" srcset=\"https:\/\/villabellacasa.pl\/wp-content\/uploads\/2022\/02\/RENAULT-TRAFIC-foto-1-1024x537.jpg 1024w, https:\/\/villabellacasa.pl\/wp-content\/uploads\/2022\/02\/RENAULT-TRAFIC-foto-1-300x157.jpg 300w, https:\/\/villabellacasa.pl\/wp-content\/uploads\/2022\/02\/RENAULT-TRAFIC-foto-1-768x403.jpg 768w, https:\/\/villabellacasa.pl\/wp-content\/uploads\/2022\/02\/RENAULT-TRAFIC-foto-1-1536x806.jpg 1536w, https:\/\/villabellacasa.pl\/wp-content\/uploads\/2022\/02\/RENAULT-TRAFIC-foto-1.jpg 1547w\" sizes=\"(max-width: 1024px) 100vw, 1024px\" \/><\/figure>\n","protected":false},"excerpt":{"rendered":"<p>Oferujemy samochody Mercedes Vito i Renault Trafic &#8211; 9-cio osobowe. Wynajem dobowy, ale r\u00f3wnie\u017c miesi\u0119czny. Kontakt Telefon: +48 733 300 302 E-mail: villabellacasa@kempahotels.pl<\/p>\n","protected":false},"author":1,"featured_media":0,"parent":0,"menu_order":0,"comment_status":"closed","ping_status":"closed","template":"","meta":{"_monsterinsights_skip_tracking":false,"_monsterinsights_sitenote_active":false,"_monsterinsights_sitenote_note":"","_monsterinsights_sitenote_category":0},"categories":[],"tags":[],"_links":{"self":[{"href":"https:\/\/villabellacasa.pl\/index.php\/wp-json\/wp\/v2\/pages\/896"}],"collection":[{"href":"https:\/\/villabellacasa.pl\/index.php\/wp-json\/wp\/v2\/pages"}],"about":[{"href":"https:\/\/villabellacasa.pl\/index.php\/wp-json\/wp\/v2\/types\/page"}],"author":[{"embeddable":true,"href":"https:\/\/villabellacasa.pl\/index.php\/wp-json\/wp\/v2\/users\/1"}],"replies":[{"embeddable":true,"href":"https:\/\/villabellacasa.pl\/index.php\/wp-json\/wp\/v2\/comments?post=896"}],"version-history":[{"count":6,"href":"https:\/\/villabellacasa.pl\/index.php\/wp-json\/wp\/v2\/pages\/896\/revisions"}],"predecessor-version":[{"id":920,"href":"https:\/\/villabellacasa.pl\/index.php\/wp-json\/wp\/v2\/pages\/896\/revisions\/920"}],"wp:attachment":[{"href":"https:\/\/villabellacasa.pl\/index.php\/wp-json\/wp\/v2\/media?parent=896"}],"wp:term":[{"taxonomy":"category","embeddable":true,"href":"https:\/\/villabellacasa.pl\/index.php\/wp-json\/wp\/v2\/categories?post=896"},{"taxonomy":"post_tag","embeddable":true,"href":"https:\/\/villabellacasa.pl\/index.php\/wp-json\/wp\/v2\/tags?post=896"}],"curies":[{"name":"wp","href":"https:\/\/api.w.org\/{rel}","templated":true}]}}